{"id":19,"date":"2022-09-11T10:35:31","date_gmt":"2022-09-11T10:35:31","guid":{"rendered":"https:\/\/akrogiali.de\/?page_id=19"},"modified":"2022-09-12T14:05:52","modified_gmt":"2022-09-12T14:05:52","slug":"kontakt","status":"publish","type":"page","link":"https:\/\/akrogiali.de\/index.php\/kontakt\/","title":{"rendered":"Kontakt"},"content":{"rendered":"\n<div class=\"wp-block-kadence-rowlayout alignnone\"><div id=\"kt-layout-id_5f8a97-26\" class=\"kt-row-layout-inner kt-layout-id_5f8a97-26\"><div class=\"kt-row-column-wrap kt-has-2-columns kt-gutter-default kt-v-gutter-default kt-row-valign-top kt-row-layout-equal kt-tab-layout-inherit kt-m-colapse-left-to-right kt-mobile-layout-row\"><style id=\"kb-column_6bc93e-75\">.kadence-column_6bc93e-75 > .kt-inside-inner-col{padding-bottom:10px;padding-left:10px;}.kadence-column_6bc93e-75 > .kt-inside-inner-col{background-color:var(--global-palette7, #EDF2F7);}<\/style>\n<div class=\"wp-block-kadence-column inner-column-1 kadence-column_6bc93e-75\"><div class=\"kt-inside-inner-col\">\n<h2 class=\"wp-block-heading\">Say Hello.<\/h2>\n\n\n\n<p>Akrogiali Studios<br>Silke &amp; Pandelis Diakoumakis<br>74060 Souda Plakias<br>Rethymnon &#8211; Crete<br>Tel. &amp; Fax: +30-28320-32097<br>e-Mail: <a href=\"mailto:akrogiali70@hotmail.com\">akrogiali70@hotmail.com<\/a><br><br><strong>Wir w\u00fcrden uns sehr freuen, Sie als Gast in unserem Hause begr\u00fc\u00dfen zu k\u00f6nnen.<\/strong><\/p>\n<\/div><\/div>\n\n\n\n<div class=\"wp-block-kadence-column inner-column-2 kadence-column_4dc548-f7\"><div class=\"kt-inside-inner-col\"><style id=\"kb-google-maps_1b4257-a3\">.kb-google-maps-container_1b4257-a3{height:450px;}<\/style>\n<div class=\"kb-google-maps-container kb-google-maps-container_1b4257-a3\" data-mapid=\"_1b4257-a3\"><iframe width=\"100%\" height=\"100%\" style=\"border:0\" loading=\"lazy\" src=\"https:\/\/www.google.com\/maps\/embed\/v1\/place?key=AIzaSyBAM2o7PiQqwk15LC1XRH2e_KJ-jUa7KYk&amp;zoom=8&amp;maptype=roadmap&amp;q=Souda%20beach\"><\/iframe><\/div>\n<\/div><\/div>\n<\/div><\/div><\/div>\n","protected":false},"excerpt":{"rendered":"<p>Say Hello. Akrogiali StudiosSilke &amp; Pandelis Diakoumakis74060 Souda PlakiasRethymnon &#8211; CreteTel. &amp; Fax: +30-28320-32097e-Mail: akrogiali70@hotmail.com Wir w\u00fcrden uns sehr freuen, Sie als Gast in unserem Hause begr\u00fc\u00dfen zu k\u00f6nnen.<\/p>\n","protected":false},"author":1,"featured_media":0,"parent":0,"menu_order":0,"comment_status":"closed","ping_status":"closed","template":"","meta":{"_kad_post_transparent":"disable","_kad_post_title":"hide","_kad_post_layout":"fullwidth","_kad_post_sidebar_id":"","_kad_post_content_style":"","_kad_post_vertical_padding":"","_kad_post_feature":"","_kad_post_feature_position":"","_kad_post_header":false,"_kad_post_footer":false,"footnotes":""},"class_list":["post-19","page","type-page","status-publish","hentry"],"yoast_head":"<!-- This site is optimized with the Yoast SEO plugin v19.6.1 - https:\/\/yoast.com\/wordpress\/plugins\/seo\/ -->\n<title>Kontakt - Akrogiali.de<\/title>\n<meta name=\"robots\" content=\"index, follow, max-snippet:-1, max-image-preview:large, max-video-preview:-1\" \/>\n<link rel=\"canonical\" href=\"https:\/\/akrogiali.de\/index.php\/kontakt\/\" \/>\n<meta property=\"og:locale\" content=\"de_DE\" \/>\n<meta property=\"og:type\" content=\"article\" \/>\n<meta property=\"og:title\" content=\"Kontakt - Akrogiali.de\" \/>\n<meta property=\"og:description\" content=\"Say Hello. Akrogiali StudiosSilke &amp; Pandelis Diakoumakis74060 Souda PlakiasRethymnon &#8211; CreteTel. &amp; Fax: +30-28320-32097e-Mail: akrogiali70@hotmail.com Wir w\u00fcrden uns sehr freuen, Sie als Gast in unserem Hause begr\u00fc\u00dfen zu k\u00f6nnen.\" \/>\n<meta property=\"og:url\" content=\"https:\/\/akrogiali.de\/index.php\/kontakt\/\" \/>\n<meta property=\"og:site_name\" content=\"Akrogiali.de\" \/>\n<meta property=\"article:modified_time\" content=\"2022-09-12T14:05:52+00:00\" \/>\n<meta name=\"twitter:card\" content=\"summary_large_image\" \/>\n<meta name=\"twitter:label1\" content=\"Gesch\u00e4tzte Lesezeit\" \/>\n\t<meta name=\"twitter:data1\" content=\"1\u00a0Minute\" \/>\n<script type=\"application\/ld+json\" class=\"yoast-schema-graph\">{\"@context\":\"https:\/\/schema.org\",\"@graph\":[{\"@type\":\"WebPage\",\"@id\":\"https:\/\/akrogiali.de\/index.php\/kontakt\/\",\"url\":\"https:\/\/akrogiali.de\/index.php\/kontakt\/\",\"name\":\"Kontakt - Akrogiali.de\",\"isPartOf\":{\"@id\":\"https:\/\/akrogiali.de\/#website\"},\"datePublished\":\"2022-09-11T10:35:31+00:00\",\"dateModified\":\"2022-09-12T14:05:52+00:00\",\"breadcrumb\":{\"@id\":\"https:\/\/akrogiali.de\/index.php\/kontakt\/#breadcrumb\"},\"inLanguage\":\"de\",\"potentialAction\":[{\"@type\":\"ReadAction\",\"target\":[\"https:\/\/akrogiali.de\/index.php\/kontakt\/\"]}]},{\"@type\":\"BreadcrumbList\",\"@id\":\"https:\/\/akrogiali.de\/index.php\/kontakt\/#breadcrumb\",\"itemListElement\":[{\"@type\":\"ListItem\",\"position\":1,\"name\":\"Startseite\",\"item\":\"https:\/\/akrogiali.de\/\"},{\"@type\":\"ListItem\",\"position\":2,\"name\":\"Kontakt\"}]},{\"@type\":\"WebSite\",\"@id\":\"https:\/\/akrogiali.de\/#website\",\"url\":\"https:\/\/akrogiali.de\/\",\"name\":\"Akrogiali.de\",\"description\":\"Akrogiali Crete\",\"publisher\":{\"@id\":\"https:\/\/akrogiali.de\/#organization\"},\"potentialAction\":[{\"@type\":\"SearchAction\",\"target\":{\"@type\":\"EntryPoint\",\"urlTemplate\":\"https:\/\/akrogiali.de\/?s={search_term_string}\"},\"query-input\":\"required name=search_term_string\"}],\"inLanguage\":\"de\"},{\"@type\":\"Organization\",\"@id\":\"https:\/\/akrogiali.de\/#organization\",\"name\":\"Akrogiali.de\",\"url\":\"https:\/\/akrogiali.de\/\",\"sameAs\":[],\"logo\":{\"@type\":\"ImageObject\",\"inLanguage\":\"de\",\"@id\":\"https:\/\/akrogiali.de\/#\/schema\/logo\/image\/\",\"url\":\"https:\/\/akrogiali.de\/wp-content\/uploads\/2022\/09\/Logo_Akrogiali_100_250.png\",\"contentUrl\":\"https:\/\/akrogiali.de\/wp-content\/uploads\/2022\/09\/Logo_Akrogiali_100_250.png\",\"width\":250,\"height\":110,\"caption\":\"Akrogiali.de\"},\"image\":{\"@id\":\"https:\/\/akrogiali.de\/#\/schema\/logo\/image\/\"}}]}<\/script>\n<!-- \/ Yoast SEO plugin. -->","yoast_head_json":{"title":"Kontakt - Akrogiali.de","robots":{"index":"index","follow":"follow","max-snippet":"max-snippet:-1","max-image-preview":"max-image-preview:large","max-video-preview":"max-video-preview:-1"},"canonical":"https:\/\/akrogiali.de\/index.php\/kontakt\/","og_locale":"de_DE","og_type":"article","og_title":"Kontakt - Akrogiali.de","og_description":"Say Hello. Akrogiali StudiosSilke &amp; Pandelis Diakoumakis74060 Souda PlakiasRethymnon &#8211; CreteTel. &amp; Fax: +30-28320-32097e-Mail: akrogiali70@hotmail.com Wir w\u00fcrden uns sehr freuen, Sie als Gast in unserem Hause begr\u00fc\u00dfen zu k\u00f6nnen.","og_url":"https:\/\/akrogiali.de\/index.php\/kontakt\/","og_site_name":"Akrogiali.de","article_modified_time":"2022-09-12T14:05:52+00:00","twitter_card":"summary_large_image","twitter_misc":{"Gesch\u00e4tzte Lesezeit":"1\u00a0Minute"},"schema":{"@context":"https:\/\/schema.org","@graph":[{"@type":"WebPage","@id":"https:\/\/akrogiali.de\/index.php\/kontakt\/","url":"https:\/\/akrogiali.de\/index.php\/kontakt\/","name":"Kontakt - Akrogiali.de","isPartOf":{"@id":"https:\/\/akrogiali.de\/#website"},"datePublished":"2022-09-11T10:35:31+00:00","dateModified":"2022-09-12T14:05:52+00:00","breadcrumb":{"@id":"https:\/\/akrogiali.de\/index.php\/kontakt\/#breadcrumb"},"inLanguage":"de","potentialAction":[{"@type":"ReadAction","target":["https:\/\/akrogiali.de\/index.php\/kontakt\/"]}]},{"@type":"BreadcrumbList","@id":"https:\/\/akrogiali.de\/index.php\/kontakt\/#breadcrumb","itemListElement":[{"@type":"ListItem","position":1,"name":"Startseite","item":"https:\/\/akrogiali.de\/"},{"@type":"ListItem","position":2,"name":"Kontakt"}]},{"@type":"WebSite","@id":"https:\/\/akrogiali.de\/#website","url":"https:\/\/akrogiali.de\/","name":"Akrogiali.de","description":"Akrogiali Crete","publisher":{"@id":"https:\/\/akrogiali.de\/#organization"},"potentialAction":[{"@type":"SearchAction","target":{"@type":"EntryPoint","urlTemplate":"https:\/\/akrogiali.de\/?s={search_term_string}"},"query-input":"required name=search_term_string"}],"inLanguage":"de"},{"@type":"Organization","@id":"https:\/\/akrogiali.de\/#organization","name":"Akrogiali.de","url":"https:\/\/akrogiali.de\/","sameAs":[],"logo":{"@type":"ImageObject","inLanguage":"de","@id":"https:\/\/akrogiali.de\/#\/schema\/logo\/image\/","url":"https:\/\/akrogiali.de\/wp-content\/uploads\/2022\/09\/Logo_Akrogiali_100_250.png","contentUrl":"https:\/\/akrogiali.de\/wp-content\/uploads\/2022\/09\/Logo_Akrogiali_100_250.png","width":250,"height":110,"caption":"Akrogiali.de"},"image":{"@id":"https:\/\/akrogiali.de\/#\/schema\/logo\/image\/"}}]}},"_links":{"self":[{"href":"https:\/\/akrogiali.de\/index.php\/wp-json\/wp\/v2\/pages\/19","targetHints":{"allow":["GET"]}}],"collection":[{"href":"https:\/\/akrogiali.de\/index.php\/wp-json\/wp\/v2\/pages"}],"about":[{"href":"https:\/\/akrogiali.de\/index.php\/wp-json\/wp\/v2\/types\/page"}],"author":[{"embeddable":true,"href":"https:\/\/akrogiali.de\/index.php\/wp-json\/wp\/v2\/users\/1"}],"replies":[{"embeddable":true,"href":"https:\/\/akrogiali.de\/index.php\/wp-json\/wp\/v2\/comments?post=19"}],"version-history":[{"count":7,"href":"https:\/\/akrogiali.de\/index.php\/wp-json\/wp\/v2\/pages\/19\/revisions"}],"predecessor-version":[{"id":147,"href":"https:\/\/akrogiali.de\/index.php\/wp-json\/wp\/v2\/pages\/19\/revisions\/147"}],"wp:attachment":[{"href":"https:\/\/akrogiali.de\/index.php\/wp-json\/wp\/v2\/media?parent=19"}],"curies":[{"name":"wp","href":"https:\/\/api.w.org\/{rel}","templated":true}]}}