{"id":18,"date":"2022-09-11T10:35:31","date_gmt":"2022-09-11T10:35:31","guid":{"rendered":"https:\/\/akrogiali.de\/?page_id=18"},"modified":"2022-09-12T12:18:32","modified_gmt":"2022-09-12T12:18:32","slug":"unsere-studios","status":"publish","type":"page","link":"https:\/\/akrogiali.de\/index.php\/unsere-studios\/","title":{"rendered":"Unsere Studios"},"content":{"rendered":"\n<p><\/p>\n\n\n<style id=\"kb-rowlayout_56d10a-94\">#kt-layout-id_56d10a-94 > .kt-row-column-wrap{padding-top:0px;padding-bottom:0px;padding-left:0px;padding-right:0px;}<\/style>\n<div class=\"wp-block-kadence-rowlayout alignnone\"><div id=\"kt-layout-id_56d10a-94\" class=\"kt-row-layout-inner kt-layout-id_56d10a-94\"><div class=\"kt-row-column-wrap kt-has-2-columns kt-gutter-none kt-v-gutter-default kt-row-valign-middle kt-row-layout-equal kt-tab-layout-inherit kt-m-colapse-left-to-right kt-mobile-layout-row\">\n<div class=\"wp-block-kadence-column inner-column-1 kadence-column_665c4e-78\"><div class=\"kt-inside-inner-col\"><div class=\"wp-block-image\">\n<figure class=\"aligncenter size-full\"><img loading=\"lazy\" decoding=\"async\" width=\"800\" height=\"531\" src=\"http:\/\/akrogiali.de\/wp-content\/uploads\/2022\/09\/01.jpg\" alt=\"\" class=\"wp-image-104\" srcset=\"https:\/\/akrogiali.de\/wp-content\/uploads\/2022\/09\/01.jpg 800w, https:\/\/akrogiali.de\/wp-content\/uploads\/2022\/09\/01-300x199.jpg 300w, https:\/\/akrogiali.de\/wp-content\/uploads\/2022\/09\/01-768x510.jpg 768w\" sizes=\"auto, (max-width: 800px) 100vw, 800px\" \/><\/figure>\n<\/div><\/div><\/div>\n\n\n<style id=\"kb-column_b88548-ae\">.kadence-column_b88548-ae > .kt-inside-inner-col{padding-left:30px;padding-right:30px;}<\/style>\n<div class=\"wp-block-kadence-column inner-column-2 kadence-column_b88548-ae\"><div class=\"kt-inside-inner-col\"><style id=\"kb-rowlayout_7b28b6-f8\">#kt-layout-id_7b28b6-f8 > .kt-row-column-wrap{max-width:455px;margin-left:auto;margin-right:auto;}<\/style>\n<div class=\"wp-block-kadence-rowlayout alignnone\"><div id=\"kt-layout-id_7b28b6-f8\" class=\"kt-row-layout-inner kt-layout-id_7b28b6-f8\"><div class=\"kt-row-column-wrap kt-has-1-columns kt-gutter-default kt-v-gutter-default kt-row-valign-top kt-row-layout-equal kt-tab-layout-inherit kt-m-colapse-left-to-right kt-mobile-layout-row\">\n<div class=\"wp-block-kadence-column inner-column-1 kadence-column_85888f-43\"><div class=\"kt-inside-inner-col\">\n<h5 class=\"has-text-align-center wp-block-heading\">Unsere Studios mit<\/h5>\n\n\n\n<h1 class=\"has-text-align-center wp-block-heading\">Meerblick!<\/h1>\n\n\n\n<p>Wir bieten Studios mit Meerblick f\u00fcr zwei bis drei Personen, in der N\u00e4he von Plakias an der S\u00fcdk\u00fcste Kretas.<br>Im ersten Stock des Hauses befinden sich drei Studios, jedes mit eigenem Balkon. Im kleinen Nebenhaus sind zwei weitere Studios vorhanden, die auch gemeinsam gemietet werden k\u00f6nnen und somit Platz f\u00fcr f\u00fcnf Personen bieten.<br>Die Zimmer sind hell und freundlich eingerichtet. Jedes besitzt Dusche\/WC sowie eine kleine K\u00fcchenzeile mit Geschirr, Herd und K\u00fchlschrank. Bei einigen Studios k\u00f6nnen wir f\u00fcr Ihr Kind ein zus\u00e4tzliches Bett anbieten.<\/p>\n<\/div><\/div>\n<\/div><\/div><\/div>\n<\/div><\/div>\n<\/div><\/div><\/div>\n","protected":false},"excerpt":{"rendered":"<p>Unsere Studios mit Meerblick! Wir bieten Studios mit Meerblick f\u00fcr zwei bis drei Personen, in der N\u00e4he von Plakias an der S\u00fcdk\u00fcste Kretas.Im ersten Stock des Hauses befinden sich drei Studios, jedes mit eigenem Balkon. Im kleinen Nebenhaus sind zwei weitere Studios vorhanden, die auch gemeinsam gemietet werden k\u00f6nnen und somit Platz f\u00fcr f\u00fcnf Personen&#8230;<\/p>\n","protected":false},"author":1,"featured_media":0,"parent":0,"menu_order":0,"comment_status":"closed","ping_status":"closed","template":"","meta":{"_kad_post_transparent":"","_kad_post_title":"hide","_kad_post_layout":"default","_kad_post_sidebar_id":"","_kad_post_content_style":"unboxed","_kad_post_vertical_padding":"hide","_kad_post_feature":"","_kad_post_feature_position":"","_kad_post_header":false,"_kad_post_footer":false,"footnotes":""},"class_list":["post-18","page","type-page","status-publish","hentry"],"yoast_head":"<!-- This site is optimized with the Yoast SEO plugin v19.6.1 - https:\/\/yoast.com\/wordpress\/plugins\/seo\/ -->\n<title>Unsere Studios - Akrogiali.de<\/title>\n<meta name=\"robots\" content=\"index, follow, max-snippet:-1, max-image-preview:large, max-video-preview:-1\" \/>\n<link rel=\"canonical\" href=\"https:\/\/akrogiali.de\/index.php\/unsere-studios\/\" \/>\n<meta property=\"og:locale\" content=\"de_DE\" \/>\n<meta property=\"og:type\" content=\"article\" \/>\n<meta property=\"og:title\" content=\"Unsere Studios - Akrogiali.de\" \/>\n<meta property=\"og:description\" content=\"Unsere Studios mit Meerblick! Wir bieten Studios mit Meerblick f\u00fcr zwei bis drei Personen, in der N\u00e4he von Plakias an der S\u00fcdk\u00fcste Kretas.Im ersten Stock des Hauses befinden sich drei Studios, jedes mit eigenem Balkon. Im kleinen Nebenhaus sind zwei weitere Studios vorhanden, die auch gemeinsam gemietet werden k\u00f6nnen und somit Platz f\u00fcr f\u00fcnf Personen...\" \/>\n<meta property=\"og:url\" content=\"https:\/\/akrogiali.de\/index.php\/unsere-studios\/\" \/>\n<meta property=\"og:site_name\" content=\"Akrogiali.de\" \/>\n<meta property=\"article:modified_time\" content=\"2022-09-12T12:18:32+00:00\" \/>\n<meta property=\"og:image\" content=\"http:\/\/akrogiali.de\/wp-content\/uploads\/2022\/09\/01.jpg\" \/>\n<meta name=\"twitter:card\" content=\"summary_large_image\" \/>\n<meta name=\"twitter:label1\" content=\"Gesch\u00e4tzte Lesezeit\" \/>\n\t<meta name=\"twitter:data1\" content=\"1\u00a0Minute\" \/>\n<script type=\"application\/ld+json\" class=\"yoast-schema-graph\">{\"@context\":\"https:\/\/schema.org\",\"@graph\":[{\"@type\":\"WebPage\",\"@id\":\"https:\/\/akrogiali.de\/index.php\/unsere-studios\/\",\"url\":\"https:\/\/akrogiali.de\/index.php\/unsere-studios\/\",\"name\":\"Unsere Studios - Akrogiali.de\",\"isPartOf\":{\"@id\":\"https:\/\/akrogiali.de\/#website\"},\"datePublished\":\"2022-09-11T10:35:31+00:00\",\"dateModified\":\"2022-09-12T12:18:32+00:00\",\"breadcrumb\":{\"@id\":\"https:\/\/akrogiali.de\/index.php\/unsere-studios\/#breadcrumb\"},\"inLanguage\":\"de\",\"potentialAction\":[{\"@type\":\"ReadAction\",\"target\":[\"https:\/\/akrogiali.de\/index.php\/unsere-studios\/\"]}]},{\"@type\":\"BreadcrumbList\",\"@id\":\"https:\/\/akrogiali.de\/index.php\/unsere-studios\/#breadcrumb\",\"itemListElement\":[{\"@type\":\"ListItem\",\"position\":1,\"name\":\"Startseite\",\"item\":\"https:\/\/akrogiali.de\/\"},{\"@type\":\"ListItem\",\"position\":2,\"name\":\"Unsere Studios\"}]},{\"@type\":\"WebSite\",\"@id\":\"https:\/\/akrogiali.de\/#website\",\"url\":\"https:\/\/akrogiali.de\/\",\"name\":\"Akrogiali.de\",\"description\":\"Akrogiali Crete\",\"publisher\":{\"@id\":\"https:\/\/akrogiali.de\/#organization\"},\"potentialAction\":[{\"@type\":\"SearchAction\",\"target\":{\"@type\":\"EntryPoint\",\"urlTemplate\":\"https:\/\/akrogiali.de\/?s={search_term_string}\"},\"query-input\":\"required name=search_term_string\"}],\"inLanguage\":\"de\"},{\"@type\":\"Organization\",\"@id\":\"https:\/\/akrogiali.de\/#organization\",\"name\":\"Akrogiali.de\",\"url\":\"https:\/\/akrogiali.de\/\",\"sameAs\":[],\"logo\":{\"@type\":\"ImageObject\",\"inLanguage\":\"de\",\"@id\":\"https:\/\/akrogiali.de\/#\/schema\/logo\/image\/\",\"url\":\"https:\/\/akrogiali.de\/wp-content\/uploads\/2022\/09\/Logo_Akrogiali_100_250.png\",\"contentUrl\":\"https:\/\/akrogiali.de\/wp-content\/uploads\/2022\/09\/Logo_Akrogiali_100_250.png\",\"width\":250,\"height\":110,\"caption\":\"Akrogiali.de\"},\"image\":{\"@id\":\"https:\/\/akrogiali.de\/#\/schema\/logo\/image\/\"}}]}<\/script>\n<!-- \/ Yoast SEO plugin. -->","yoast_head_json":{"title":"Unsere Studios - Akrogiali.de","robots":{"index":"index","follow":"follow","max-snippet":"max-snippet:-1","max-image-preview":"max-image-preview:large","max-video-preview":"max-video-preview:-1"},"canonical":"https:\/\/akrogiali.de\/index.php\/unsere-studios\/","og_locale":"de_DE","og_type":"article","og_title":"Unsere Studios - Akrogiali.de","og_description":"Unsere Studios mit Meerblick! Wir bieten Studios mit Meerblick f\u00fcr zwei bis drei Personen, in der N\u00e4he von Plakias an der S\u00fcdk\u00fcste Kretas.Im ersten Stock des Hauses befinden sich drei Studios, jedes mit eigenem Balkon. Im kleinen Nebenhaus sind zwei weitere Studios vorhanden, die auch gemeinsam gemietet werden k\u00f6nnen und somit Platz f\u00fcr f\u00fcnf Personen...","og_url":"https:\/\/akrogiali.de\/index.php\/unsere-studios\/","og_site_name":"Akrogiali.de","article_modified_time":"2022-09-12T12:18:32+00:00","og_image":[{"url":"http:\/\/akrogiali.de\/wp-content\/uploads\/2022\/09\/01.jpg"}],"twitter_card":"summary_large_image","twitter_misc":{"Gesch\u00e4tzte Lesezeit":"1\u00a0Minute"},"schema":{"@context":"https:\/\/schema.org","@graph":[{"@type":"WebPage","@id":"https:\/\/akrogiali.de\/index.php\/unsere-studios\/","url":"https:\/\/akrogiali.de\/index.php\/unsere-studios\/","name":"Unsere Studios - Akrogiali.de","isPartOf":{"@id":"https:\/\/akrogiali.de\/#website"},"datePublished":"2022-09-11T10:35:31+00:00","dateModified":"2022-09-12T12:18:32+00:00","breadcrumb":{"@id":"https:\/\/akrogiali.de\/index.php\/unsere-studios\/#breadcrumb"},"inLanguage":"de","potentialAction":[{"@type":"ReadAction","target":["https:\/\/akrogiali.de\/index.php\/unsere-studios\/"]}]},{"@type":"BreadcrumbList","@id":"https:\/\/akrogiali.de\/index.php\/unsere-studios\/#breadcrumb","itemListElement":[{"@type":"ListItem","position":1,"name":"Startseite","item":"https:\/\/akrogiali.de\/"},{"@type":"ListItem","position":2,"name":"Unsere Studios"}]},{"@type":"WebSite","@id":"https:\/\/akrogiali.de\/#website","url":"https:\/\/akrogiali.de\/","name":"Akrogiali.de","description":"Akrogiali Crete","publisher":{"@id":"https:\/\/akrogiali.de\/#organization"},"potentialAction":[{"@type":"SearchAction","target":{"@type":"EntryPoint","urlTemplate":"https:\/\/akrogiali.de\/?s={search_term_string}"},"query-input":"required name=search_term_string"}],"inLanguage":"de"},{"@type":"Organization","@id":"https:\/\/akrogiali.de\/#organization","name":"Akrogiali.de","url":"https:\/\/akrogiali.de\/","sameAs":[],"logo":{"@type":"ImageObject","inLanguage":"de","@id":"https:\/\/akrogiali.de\/#\/schema\/logo\/image\/","url":"https:\/\/akrogiali.de\/wp-content\/uploads\/2022\/09\/Logo_Akrogiali_100_250.png","contentUrl":"https:\/\/akrogiali.de\/wp-content\/uploads\/2022\/09\/Logo_Akrogiali_100_250.png","width":250,"height":110,"caption":"Akrogiali.de"},"image":{"@id":"https:\/\/akrogiali.de\/#\/schema\/logo\/image\/"}}]}},"_links":{"self":[{"href":"https:\/\/akrogiali.de\/index.php\/wp-json\/wp\/v2\/pages\/18","targetHints":{"allow":["GET"]}}],"collection":[{"href":"https:\/\/akrogiali.de\/index.php\/wp-json\/wp\/v2\/pages"}],"about":[{"href":"https:\/\/akrogiali.de\/index.php\/wp-json\/wp\/v2\/types\/page"}],"author":[{"embeddable":true,"href":"https:\/\/akrogiali.de\/index.php\/wp-json\/wp\/v2\/users\/1"}],"replies":[{"embeddable":true,"href":"https:\/\/akrogiali.de\/index.php\/wp-json\/wp\/v2\/comments?post=18"}],"version-history":[{"count":5,"href":"https:\/\/akrogiali.de\/index.php\/wp-json\/wp\/v2\/pages\/18\/revisions"}],"predecessor-version":[{"id":181,"href":"https:\/\/akrogiali.de\/index.php\/wp-json\/wp\/v2\/pages\/18\/revisions\/181"}],"wp:attachment":[{"href":"https:\/\/akrogiali.de\/index.php\/wp-json\/wp\/v2\/media?parent=18"}],"curies":[{"name":"wp","href":"https:\/\/api.w.org\/{rel}","templated":true}]}}