{"id":17,"date":"2022-09-11T10:35:31","date_gmt":"2022-09-11T10:35:31","guid":{"rendered":"https:\/\/akrogiali.de\/?page_id=17"},"modified":"2022-09-19T13:29:23","modified_gmt":"2022-09-19T13:29:23","slug":"soudabucht","status":"publish","type":"page","link":"https:\/\/akrogiali.de\/index.php\/soudabucht\/","title":{"rendered":"Soudabucht"},"content":{"rendered":"\n<div class=\"wp-block-group\"><div class=\"wp-block-group__inner-container is-layout-flow wp-block-group-is-layout-flow\"><style id=\"kb-rowlayout_3b1ec2-ba\">#kt-layout-id_3b1ec2-ba > .kt-row-column-wrap{padding-top:0px;}<\/style>\n<div class=\"wp-block-kadence-rowlayout alignnone\"><div id=\"kt-layout-id_3b1ec2-ba\" class=\"kt-row-layout-inner kt-layout-id_3b1ec2-ba\"><div class=\"kt-row-column-wrap kt-has-2-columns kt-gutter-default kt-v-gutter-default kt-row-valign-top kt-row-layout-equal kt-tab-layout-inherit kt-m-colapse-left-to-right kt-mobile-layout-row\"><style id=\"kb-column_29ad7e-29\">.kadence-column_29ad7e-29 > .kt-inside-inner-col{padding-left:20px;}.kadence-column_29ad7e-29 > .kt-inside-inner-col{background-color:var(--global-palette7, #EDF2F7);}<\/style>\n<div class=\"wp-block-kadence-column inner-column-1 kadence-column_29ad7e-29\"><div class=\"kt-inside-inner-col\">\n<h2 class=\"wp-block-heading\">Plakias, Sellia und die Souda-Bucht<\/h2>\n\n\n\n<p>Die Uferstra\u00dfe von Plakias endet am &#8218;Akrotiri Stavros&#8216;, dem Berg. Hier befinden sich unsere Studios. Die leichte H\u00f6henlage unserer Studios am Ausl\u00e4ufer der Berge erlaubt ungest\u00f6rten Aufenthalt und einen weiten Blick auf das Lybische Meer. Hinunter zum Strand sind es nur 100m, dort befinden sich auch zwei gem\u00fctliche Tavernen. Hinauf nach Sellia, einem unverf\u00e4lschten Bergdorf, sind es ca. 2km. Das lebendige ehemalige Fischerdorf Plakias ist ca. 3km entfernt.<\/p>\n<\/div><\/div>\n\n\n\n<div class=\"wp-block-kadence-column inner-column-2 kadence-column_7996b9-9a\"><div class=\"kt-inside-inner-col\">\n<div class=\"wp-block-kadence-advancedgallery kb-gallery-wrap-id-_aecdf5-65\"><ul class=\"kb-gallery-ul kb-gallery-type-masonry kb-masonry-init kb-gallery-id-_aecdf5-65 kb-gallery-caption-style-bottom-hover kb-gallery-filter-none\" data-item-selector=\".kadence-blocks-gallery-item\" data-image-filter=\"none\" data-lightbox-caption=\"true\" data-columns-xxl=\"3\" data-columns-xl=\"3\" data-columns-lg=\"3\" data-columns-md=\"2\" data-columns-sm=\"1\" data-columns-xs=\"1\"><li class=\"kadence-blocks-gallery-item\"><div class=\"kadence-blocks-gallery-item-inner\"><figure class=\"kb-gallery-figure kadence-blocks-gallery-item-hide-caption\"><div class=\"kb-gal-image-radius\" style=\"max-width:820px\"><div class=\"kb-gallery-image-contain kadence-blocks-gallery-intrinsic\" style=\"padding-bottom:66.46341463414635%\"><img loading=\"lazy\" decoding=\"async\" src=\"http:\/\/akrogiali.de\/wp-content\/uploads\/2022\/09\/05.jpg\" width=\"820\" height=\"545\" data-full-image=\"http:\/\/akrogiali.de\/wp-content\/uploads\/2022\/09\/05.jpg\" data-light-image=\"http:\/\/akrogiali.de\/wp-content\/uploads\/2022\/09\/05.jpg\" data-id=\"88\" data-link=\"https:\/\/akrogiali.de\/index.php\/urlaub-bei-uns\/attachment\/05\/\" data-custom-link=\"\" data-custom-link-target=\"\" data-sponsored=\"\" class=\"wp-image-88\" srcset=\"https:\/\/akrogiali.de\/wp-content\/uploads\/2022\/09\/05.jpg 820w, https:\/\/akrogiali.de\/wp-content\/uploads\/2022\/09\/05-300x199.jpg 300w, https:\/\/akrogiali.de\/wp-content\/uploads\/2022\/09\/05-768x510.jpg 768w\" sizes=\"auto, (max-width: 820px) 100vw, 820px\" \/><\/div><\/div><\/figure><\/div><\/li><li class=\"kadence-blocks-gallery-item\"><div class=\"kadence-blocks-gallery-item-inner\"><figure class=\"kb-gallery-figure kadence-blocks-gallery-item-hide-caption\"><div class=\"kb-gal-image-radius\" style=\"max-width:1024px\"><div class=\"kb-gallery-image-contain kadence-blocks-gallery-intrinsic\" style=\"padding-bottom:47.36328125%\"><img loading=\"lazy\" decoding=\"async\" src=\"http:\/\/akrogiali.de\/wp-content\/uploads\/2022\/09\/HomeSouda.jpg\" width=\"1024\" height=\"485\" data-full-image=\"http:\/\/akrogiali.de\/wp-content\/uploads\/2022\/09\/HomeSouda.jpg\" data-light-image=\"http:\/\/akrogiali.de\/wp-content\/uploads\/2022\/09\/HomeSouda.jpg\" data-id=\"37\" data-link=\"https:\/\/akrogiali.de\/index.php\/home\/homesouda\/\" data-custom-link=\"\" data-custom-link-target=\"\" data-sponsored=\"\" class=\"wp-image-37\" srcset=\"https:\/\/akrogiali.de\/wp-content\/uploads\/2022\/09\/HomeSouda.jpg 1024w, https:\/\/akrogiali.de\/wp-content\/uploads\/2022\/09\/HomeSouda-300x142.jpg 300w, https:\/\/akrogiali.de\/wp-content\/uploads\/2022\/09\/HomeSouda-768x364.jpg 768w\" sizes=\"auto, (max-width: 1024px) 100vw, 1024px\" \/><\/div><\/div><\/figure><\/div><\/li><li class=\"kadence-blocks-gallery-item\"><div class=\"kadence-blocks-gallery-item-inner\"><figure class=\"kb-gallery-figure kadence-blocks-gallery-item-hide-caption\"><div class=\"kb-gal-image-radius\" style=\"max-width:820px\"><div class=\"kb-gallery-image-contain kadence-blocks-gallery-intrinsic\" style=\"padding-bottom:66.46341463414635%\"><img loading=\"lazy\" decoding=\"async\" src=\"https:\/\/akrogiali.de\/wp-content\/uploads\/2022\/09\/04.jpg\" width=\"820\" height=\"545\" data-full-image=\"https:\/\/akrogiali.de\/wp-content\/uploads\/2022\/09\/04.jpg\" data-light-image=\"https:\/\/akrogiali.de\/wp-content\/uploads\/2022\/09\/04.jpg\" data-id=\"87\" data-link=\"https:\/\/akrogiali.de\/index.php\/urlaub-bei-uns\/attachment\/04\/\" data-custom-link=\"\" data-custom-link-target=\"\" data-sponsored=\"\" class=\"wp-image-87\" srcset=\"https:\/\/akrogiali.de\/wp-content\/uploads\/2022\/09\/04.jpg 820w, https:\/\/akrogiali.de\/wp-content\/uploads\/2022\/09\/04-300x199.jpg 300w, https:\/\/akrogiali.de\/wp-content\/uploads\/2022\/09\/04-768x510.jpg 768w\" sizes=\"auto, (max-width: 820px) 100vw, 820px\" \/><\/div><\/div><\/figure><\/div><\/li><li class=\"kadence-blocks-gallery-item\"><div class=\"kadence-blocks-gallery-item-inner\"><figure class=\"kb-gallery-figure kadence-blocks-gallery-item-hide-caption\"><div class=\"kb-gal-image-radius\" style=\"max-width:1024px\"><div class=\"kb-gallery-image-contain kadence-blocks-gallery-intrinsic\" style=\"padding-bottom:47.36328125%\"><img loading=\"lazy\" decoding=\"async\" src=\"http:\/\/akrogiali.de\/wp-content\/uploads\/2022\/09\/20200823_161034-1024x485.jpg\" width=\"1024\" height=\"485\" data-full-image=\"http:\/\/akrogiali.de\/wp-content\/uploads\/2022\/09\/20200823_161034-scaled.jpg\" data-light-image=\"http:\/\/akrogiali.de\/wp-content\/uploads\/2022\/09\/20200823_161034-scaled.jpg\" data-id=\"12\" data-link=\"https:\/\/akrogiali.de\/20200823_161034\/\" data-custom-link=\"\" data-custom-link-target=\"\" data-sponsored=\"\" class=\"wp-image-12\" srcset=\"https:\/\/akrogiali.de\/wp-content\/uploads\/2022\/09\/20200823_161034-1024x485.jpg 1024w, https:\/\/akrogiali.de\/wp-content\/uploads\/2022\/09\/20200823_161034-300x142.jpg 300w, https:\/\/akrogiali.de\/wp-content\/uploads\/2022\/09\/20200823_161034-768x364.jpg 768w, https:\/\/akrogiali.de\/wp-content\/uploads\/2022\/09\/20200823_161034-1536x728.jpg 1536w, https:\/\/akrogiali.de\/wp-content\/uploads\/2022\/09\/20200823_161034-2048x971.jpg 2048w\" sizes=\"auto, (max-width: 1024px) 100vw, 1024px\" \/><\/div><\/div><\/figure><\/div><\/li><\/ul><\/div>\n<\/div><\/div>\n<\/div><\/div><\/div>\n<\/div><\/div>\n","protected":false},"excerpt":{"rendered":"<p>Plakias, Sellia und die Souda-Bucht Die Uferstra\u00dfe von Plakias endet am &#8218;Akrotiri Stavros&#8216;, dem Berg. Hier befinden sich unsere Studios. Die leichte H\u00f6henlage unserer Studios am Ausl\u00e4ufer der Berge erlaubt ungest\u00f6rten Aufenthalt und einen weiten Blick auf das Lybische Meer. Hinunter zum Strand sind es nur 100m, dort befinden sich auch zwei gem\u00fctliche Tavernen. Hinauf&#8230;<\/p>\n","protected":false},"author":1,"featured_media":0,"parent":0,"menu_order":0,"comment_status":"closed","ping_status":"closed","template":"","meta":{"_kad_post_transparent":"","_kad_post_title":"hide","_kad_post_layout":"fullwidth","_kad_post_sidebar_id":"","_kad_post_content_style":"","_kad_post_vertical_padding":"","_kad_post_feature":"","_kad_post_feature_position":"","_kad_post_header":false,"_kad_post_footer":false,"footnotes":""},"class_list":["post-17","page","type-page","status-publish","hentry"],"yoast_head":"<!-- This site is optimized with the Yoast SEO plugin v19.6.1 - https:\/\/yoast.com\/wordpress\/plugins\/seo\/ -->\n<title>Soudabucht - Akrogiali.de<\/title>\n<meta name=\"robots\" content=\"index, follow, max-snippet:-1, max-image-preview:large, max-video-preview:-1\" \/>\n<link rel=\"canonical\" href=\"https:\/\/akrogiali.de\/index.php\/soudabucht\/\" \/>\n<meta property=\"og:locale\" content=\"de_DE\" \/>\n<meta property=\"og:type\" content=\"article\" \/>\n<meta property=\"og:title\" content=\"Soudabucht - Akrogiali.de\" \/>\n<meta property=\"og:description\" content=\"Plakias, Sellia und die Souda-Bucht Die Uferstra\u00dfe von Plakias endet am &#8218;Akrotiri Stavros&#8216;, dem Berg. Hier befinden sich unsere Studios. Die leichte H\u00f6henlage unserer Studios am Ausl\u00e4ufer der Berge erlaubt ungest\u00f6rten Aufenthalt und einen weiten Blick auf das Lybische Meer. Hinunter zum Strand sind es nur 100m, dort befinden sich auch zwei gem\u00fctliche Tavernen. Hinauf...\" \/>\n<meta property=\"og:url\" content=\"https:\/\/akrogiali.de\/index.php\/soudabucht\/\" \/>\n<meta property=\"og:site_name\" content=\"Akrogiali.de\" \/>\n<meta property=\"article:modified_time\" content=\"2022-09-19T13:29:23+00:00\" \/>\n<meta property=\"og:image\" content=\"http:\/\/akrogiali.de\/wp-content\/uploads\/2022\/09\/05.jpg\" \/>\n<meta name=\"twitter:card\" content=\"summary_large_image\" \/>\n<meta name=\"twitter:label1\" content=\"Gesch\u00e4tzte Lesezeit\" \/>\n\t<meta name=\"twitter:data1\" content=\"2\u00a0Minuten\" \/>\n<script type=\"application\/ld+json\" class=\"yoast-schema-graph\">{\"@context\":\"https:\/\/schema.org\",\"@graph\":[{\"@type\":\"WebPage\",\"@id\":\"https:\/\/akrogiali.de\/index.php\/soudabucht\/\",\"url\":\"https:\/\/akrogiali.de\/index.php\/soudabucht\/\",\"name\":\"Soudabucht - Akrogiali.de\",\"isPartOf\":{\"@id\":\"https:\/\/akrogiali.de\/#website\"},\"datePublished\":\"2022-09-11T10:35:31+00:00\",\"dateModified\":\"2022-09-19T13:29:23+00:00\",\"breadcrumb\":{\"@id\":\"https:\/\/akrogiali.de\/index.php\/soudabucht\/#breadcrumb\"},\"inLanguage\":\"de\",\"potentialAction\":[{\"@type\":\"ReadAction\",\"target\":[\"https:\/\/akrogiali.de\/index.php\/soudabucht\/\"]}]},{\"@type\":\"BreadcrumbList\",\"@id\":\"https:\/\/akrogiali.de\/index.php\/soudabucht\/#breadcrumb\",\"itemListElement\":[{\"@type\":\"ListItem\",\"position\":1,\"name\":\"Startseite\",\"item\":\"https:\/\/akrogiali.de\/\"},{\"@type\":\"ListItem\",\"position\":2,\"name\":\"Soudabucht\"}]},{\"@type\":\"WebSite\",\"@id\":\"https:\/\/akrogiali.de\/#website\",\"url\":\"https:\/\/akrogiali.de\/\",\"name\":\"Akrogiali.de\",\"description\":\"Akrogiali Crete\",\"publisher\":{\"@id\":\"https:\/\/akrogiali.de\/#organization\"},\"potentialAction\":[{\"@type\":\"SearchAction\",\"target\":{\"@type\":\"EntryPoint\",\"urlTemplate\":\"https:\/\/akrogiali.de\/?s={search_term_string}\"},\"query-input\":\"required name=search_term_string\"}],\"inLanguage\":\"de\"},{\"@type\":\"Organization\",\"@id\":\"https:\/\/akrogiali.de\/#organization\",\"name\":\"Akrogiali.de\",\"url\":\"https:\/\/akrogiali.de\/\",\"sameAs\":[],\"logo\":{\"@type\":\"ImageObject\",\"inLanguage\":\"de\",\"@id\":\"https:\/\/akrogiali.de\/#\/schema\/logo\/image\/\",\"url\":\"https:\/\/akrogiali.de\/wp-content\/uploads\/2022\/09\/Logo_Akrogiali_100_250.png\",\"contentUrl\":\"https:\/\/akrogiali.de\/wp-content\/uploads\/2022\/09\/Logo_Akrogiali_100_250.png\",\"width\":250,\"height\":110,\"caption\":\"Akrogiali.de\"},\"image\":{\"@id\":\"https:\/\/akrogiali.de\/#\/schema\/logo\/image\/\"}}]}<\/script>\n<!-- \/ Yoast SEO plugin. -->","yoast_head_json":{"title":"Soudabucht - Akrogiali.de","robots":{"index":"index","follow":"follow","max-snippet":"max-snippet:-1","max-image-preview":"max-image-preview:large","max-video-preview":"max-video-preview:-1"},"canonical":"https:\/\/akrogiali.de\/index.php\/soudabucht\/","og_locale":"de_DE","og_type":"article","og_title":"Soudabucht - Akrogiali.de","og_description":"Plakias, Sellia und die Souda-Bucht Die Uferstra\u00dfe von Plakias endet am &#8218;Akrotiri Stavros&#8216;, dem Berg. Hier befinden sich unsere Studios. Die leichte H\u00f6henlage unserer Studios am Ausl\u00e4ufer der Berge erlaubt ungest\u00f6rten Aufenthalt und einen weiten Blick auf das Lybische Meer. Hinunter zum Strand sind es nur 100m, dort befinden sich auch zwei gem\u00fctliche Tavernen. Hinauf...","og_url":"https:\/\/akrogiali.de\/index.php\/soudabucht\/","og_site_name":"Akrogiali.de","article_modified_time":"2022-09-19T13:29:23+00:00","og_image":[{"url":"http:\/\/akrogiali.de\/wp-content\/uploads\/2022\/09\/05.jpg"}],"twitter_card":"summary_large_image","twitter_misc":{"Gesch\u00e4tzte Lesezeit":"2\u00a0Minuten"},"schema":{"@context":"https:\/\/schema.org","@graph":[{"@type":"WebPage","@id":"https:\/\/akrogiali.de\/index.php\/soudabucht\/","url":"https:\/\/akrogiali.de\/index.php\/soudabucht\/","name":"Soudabucht - Akrogiali.de","isPartOf":{"@id":"https:\/\/akrogiali.de\/#website"},"datePublished":"2022-09-11T10:35:31+00:00","dateModified":"2022-09-19T13:29:23+00:00","breadcrumb":{"@id":"https:\/\/akrogiali.de\/index.php\/soudabucht\/#breadcrumb"},"inLanguage":"de","potentialAction":[{"@type":"ReadAction","target":["https:\/\/akrogiali.de\/index.php\/soudabucht\/"]}]},{"@type":"BreadcrumbList","@id":"https:\/\/akrogiali.de\/index.php\/soudabucht\/#breadcrumb","itemListElement":[{"@type":"ListItem","position":1,"name":"Startseite","item":"https:\/\/akrogiali.de\/"},{"@type":"ListItem","position":2,"name":"Soudabucht"}]},{"@type":"WebSite","@id":"https:\/\/akrogiali.de\/#website","url":"https:\/\/akrogiali.de\/","name":"Akrogiali.de","description":"Akrogiali Crete","publisher":{"@id":"https:\/\/akrogiali.de\/#organization"},"potentialAction":[{"@type":"SearchAction","target":{"@type":"EntryPoint","urlTemplate":"https:\/\/akrogiali.de\/?s={search_term_string}"},"query-input":"required name=search_term_string"}],"inLanguage":"de"},{"@type":"Organization","@id":"https:\/\/akrogiali.de\/#organization","name":"Akrogiali.de","url":"https:\/\/akrogiali.de\/","sameAs":[],"logo":{"@type":"ImageObject","inLanguage":"de","@id":"https:\/\/akrogiali.de\/#\/schema\/logo\/image\/","url":"https:\/\/akrogiali.de\/wp-content\/uploads\/2022\/09\/Logo_Akrogiali_100_250.png","contentUrl":"https:\/\/akrogiali.de\/wp-content\/uploads\/2022\/09\/Logo_Akrogiali_100_250.png","width":250,"height":110,"caption":"Akrogiali.de"},"image":{"@id":"https:\/\/akrogiali.de\/#\/schema\/logo\/image\/"}}]}},"_links":{"self":[{"href":"https:\/\/akrogiali.de\/index.php\/wp-json\/wp\/v2\/pages\/17","targetHints":{"allow":["GET"]}}],"collection":[{"href":"https:\/\/akrogiali.de\/index.php\/wp-json\/wp\/v2\/pages"}],"about":[{"href":"https:\/\/akrogiali.de\/index.php\/wp-json\/wp\/v2\/types\/page"}],"author":[{"embeddable":true,"href":"https:\/\/akrogiali.de\/index.php\/wp-json\/wp\/v2\/users\/1"}],"replies":[{"embeddable":true,"href":"https:\/\/akrogiali.de\/index.php\/wp-json\/wp\/v2\/comments?post=17"}],"version-history":[{"count":13,"href":"https:\/\/akrogiali.de\/index.php\/wp-json\/wp\/v2\/pages\/17\/revisions"}],"predecessor-version":[{"id":180,"href":"https:\/\/akrogiali.de\/index.php\/wp-json\/wp\/v2\/pages\/17\/revisions\/180"}],"wp:attachment":[{"href":"https:\/\/akrogiali.de\/index.php\/wp-json\/wp\/v2\/media?parent=17"}],"curies":[{"name":"wp","href":"https:\/\/api.w.org\/{rel}","templated":true}]}}